{"id":141,"date":"2018-03-07T21:43:50","date_gmt":"2018-03-07T21:43:50","guid":{"rendered":"http:\/\/purna.info\/?page_id=141"},"modified":"2018-04-16T09:12:21","modified_gmt":"2018-04-16T09:12:21","slug":"si-a-laragones","status":"publish","type":"page","link":"https:\/\/purna.info\/an\/si-a-laragones","title":{"rendered":"S\u00ed a l&#8217;aragon\u00e9s"},"content":{"rendered":"<p>S\u00ed a l\u2019aragon\u00e9s ye una campanya que <strong>tiene per obchetivo la defensa de l\u2019aragon\u00e9s a l\u2019ambito educativo<\/strong>, instando al guvierno a prener midas pa respetar, protecher e guaranciar es dreitos ling\u00fcisticos d\u2019as e es mils d\u2019estudiants aragoneses que la suya lengua habitual ye l\u2019aragon\u00e9s e d\u2019aquels que quieren aprender-lo.<\/p>\n<p><strong>L\u2019aragon\u00e9s<\/strong><\/p>\n<p><img loading=\"lazy\" class=\"wp-image-146 alignleft\" src=\"http:\/\/purna.info\/wp-content\/uploads\/2018\/03\/11057498_932498756822698_1010770350332785167_o-1024x724.jpg\" alt=\"\" width=\"342\" height=\"242\" srcset=\"https:\/\/purna.info\/wp-content\/uploads\/2018\/03\/11057498_932498756822698_1010770350332785167_o-1024x724.jpg 1024w, https:\/\/purna.info\/wp-content\/uploads\/2018\/03\/11057498_932498756822698_1010770350332785167_o-300x212.jpg 300w, https:\/\/purna.info\/wp-content\/uploads\/2018\/03\/11057498_932498756822698_1010770350332785167_o-768x543.jpg 768w, https:\/\/purna.info\/wp-content\/uploads\/2018\/03\/11057498_932498756822698_1010770350332785167_o.jpg 2048w\" sizes=\"(max-width: 342px) 100vw, 342px\" \/>L\u2019aragon\u00e9s ye un idioma, una lengua romance como lo son lo franc\u00e9s, lo italiano, l\u2019occitano, lo catal\u00e1n u lo castellano. Toz es ling\u00fcistas de prestichio, aix\u00ed lo defienden. Nom\u00e9s es prechuicios socials e politicos, en un intento per negar es dreitos d\u2019es suyos parlants, fuerzan a bella persona a calificar-lo como dialecto.<\/p>\n<p>Hue d\u00eda, l\u2019uso de l\u2019aragon\u00e9s ha quedato relegato a bella comarca pirenenca e a chicotas comunidatz de neoparlants a es nuclios urbans qu\u2019<strong>utilizan la lengua como ferramienta de resistencia cultural devant l\u2019abandono total d\u2019as institucions<\/strong>, que no nom\u00e9s no promocionan lo suyo uso e aprendizache, sino que discriminan a es suyos parlants e es empuixa ta una situaci\u00f3n de marguinalidat e estigmatizaci\u00f3n mui negativa. L\u2019actual situaci\u00f3n legal ye tami\u00e9n precaria. La lei de lenguas de 2009 (que no reconeixeba la oficialidat de l\u2019aragon\u00e9s) se ye vista empiorata per una nueva normativa que niega la identidat e la unidat d\u2019a lengua contradecindo a la comunidat cientifica internacional. A l\u2019ambito educativo la situaci\u00f3n ye similar. Destaca la inexistencia d\u2019escolarizaci\u00f3n en aragon\u00e9s, am\u00e9s d\u2019a precariedat e impedimentos que sufreixen estudiants e docents. <strong>La UNESCO ha calificato l\u2019aragon\u00e9s como \u201clengua en periglo de desaparici\u00f3n\u201d<\/strong> e recomienda \u201cpoliticas ling\u00fcisticas bien planificatas\u201d, metendo en evidencia las actuacions d\u2019es guviernos d\u2019Arag\u00f3n e d\u2019Espanya, qu\u2019han recibito en quantas ocasions \u201ctoques d\u2019atenci\u00f3n\u201d de multiples d\u2019organismos internacionals per incumplir reiteradament la Carta Europea d\u2019as Lenguas Minoritarias e vulnerar es dreitos ling\u00fcisticos de mils d\u2019aragoneses.<\/p>\n<p>&nbsp;<\/p>\n<p><strong>Estudiants per l\u2019aragon\u00e9s<\/strong><\/p>\n<p>Es mils de chovens a este pa\u00eds qu\u2019utilizamos l\u2019aragon\u00e9s en lo nuestro d\u00eda a d\u00eda, ya s\u00eda perque ye la nuestra lengua materna u perque nos hemos compromeso librement con la suya supervivencia aprendendo-la e utilizando-la, somos fartos de que es Guviernos d\u2019Arag\u00f3n e d\u2019Espanya nos traten como ciudadans de segona. Es dreitos que como parlants se nos reconeixen en la Declaraci\u00f3n Universal d\u2019es Dreitos Ling\u00fcisticos, como lo \u00abdreito a la ensinyanza d\u2019a propia lengua e cultura\u00bb lo \u00abdreito a una presencia equitativa d\u2019a lengua e la cultura d\u2019o grupo a es medios de comunicaci\u00f3n\u00bb u lo \u00abdreito a a estar atendiz en la lengua propia a es organismos oficials\u00bb, son vulneraz de contino en lo que ye estato un proceso de persecuci\u00f3n e minorizaci\u00f3n enta l\u2019aragon\u00e9s e es suyos parlants.<\/p>\n<p>Tal como ye arreplegato en lo manifiesto \u201cEstudiants per l\u2019aragon\u00e9s\u201d, dende Purna somos convencitas que l<strong>a unica formula valita pa evitar la desaparici\u00f3n de l\u2019aragon\u00e9s pasa per meter fin a la discriminaci\u00f3n e la estigmatizaci\u00f3n que sufreixen es suyos parlants, aix\u00ed como lo reconeiximiento d\u2019a unidat d\u2019a lengua<\/strong>, lo que comporta l\u2019afianzamiento d\u2019un modelo referencial, consolidando un proceso que ya altras lenguas inicioron en lo suyo momento. Per ixo, exichimos:<img loading=\"lazy\" class=\" wp-image-148 alignright\" src=\"http:\/\/purna.info\/wp-content\/uploads\/2018\/03\/12265806_958448930894347_4922655330239886066_o-695x1024.jpg\" alt=\"\" width=\"300\" height=\"442\" srcset=\"https:\/\/purna.info\/wp-content\/uploads\/2018\/03\/12265806_958448930894347_4922655330239886066_o-695x1024.jpg 695w, https:\/\/purna.info\/wp-content\/uploads\/2018\/03\/12265806_958448930894347_4922655330239886066_o-204x300.jpg 204w, https:\/\/purna.info\/wp-content\/uploads\/2018\/03\/12265806_958448930894347_4922655330239886066_o-768x1132.jpg 768w, https:\/\/purna.info\/wp-content\/uploads\/2018\/03\/12265806_958448930894347_4922655330239886066_o.jpg 1122w\" sizes=\"(max-width: 300px) 100vw, 300px\" \/><\/p>\n<ol>\n<li><strong>La creaci\u00f3n de linias d\u2019ensinyamiento en aragon\u00e9s e la suya introducci\u00f3n gradual a es centros educativos d\u2019Arag\u00f3n seguntes indique la demanda<\/strong>, asegurando siempre lo libre dreito d\u2019o estudiant a estudiar en la lengua propia.<\/li>\n<li><strong>La regularizaci\u00f3n d\u2019o estudio d\u2019a lengua aragonesa oficialment<\/strong>, aix\u00ed como las titolacions e certificacions seguntes es criterios inicials que marque l\u2019academia.<\/li>\n<li><strong>Introducir gradualment lo ensinyamiento reglato de l\u2019aragon\u00e9s a es centro educativos d\u2019Arag\u00f3n<\/strong>, respetando la variedat propia de cada zona aix\u00ed como la norma com\u00fan.<\/li>\n<li>Per mor de l\u2019aprobaci\u00f3n d\u2019o curriculum aragon\u00e9s d\u2019a LOMCE asegurar que l\u2019asignatura dita \u201cLenguas d\u2019Arag\u00f3n\u201d s\u00eda en lo suyo contenito a la zonas historicament aragonesoparlants \u201clengua aragonesa\u201d. <strong>Que independientement d\u2019a lei educativa vichent u la pugna existent entre guvierno autonomico e estatal, s\u2019asegure la inclusi\u00f3n en lo curriculum aragon\u00e9s d\u2019una optativa de \u201clengua aragonesa\u201d a la zonas historicament aragonesoparlants.<\/strong><\/li>\n<li><strong>Asegurar la formaci\u00f3n e conoiximiento suficient d\u2019a lengua per part d\u2019o profesorato d\u2019aragon\u00e9s e \u201cen aragon\u00e9s\u201d<\/strong>.<\/li>\n<li><strong>Habilitar al profesorato con las pruebas pertinents que serveixcan de vez pa crear de manera definitiva es titols oficials necesarios d\u2019acreditaci\u00f3n de nivel.<\/strong><\/li>\n<li><strong>Quitar a es chovens aragoneses d\u2019a desinformaci\u00f3n cheneralizata<\/strong> que l\u2019actual ordenaci\u00f3n d\u2019o sistema educativo empara con lo suyo silencio e inactividat, aix\u00ed como la feliz ignorancia asumita dende las institucions, qu\u2019impideix a la choventut aragonesa coneixer lo suyo pasato cultural como comunidat, e per tanto no entender u malentender la suya present cultura, despreciando es elementos ling\u00fcisticos propios.<\/li>\n<li>E pa que tot tienga un marcho legal adecuato <strong>reconeixer la oficialidat de l\u2019aragon\u00e9s con una lei de lenguas digna e efectiva.<\/strong><\/li>\n<\/ol>\n<p><\/p>","protected":false},"excerpt":{"rendered":"<p>S\u00ed a l\u2019aragon\u00e9s ye una campanya que tiene per obchetivo la defensa de l\u2019aragon\u00e9s a l\u2019ambito educativo, instando al guvierno a prener midas pa respetar, protecher e guaranciar es dreitos ling\u00fcisticos d\u2019as e es mils d\u2019estudiants aragoneses que la suya lengua habitual ye l\u2019aragon\u00e9s e d\u2019aquels que quieren aprender-lo. L\u2019aragon\u00e9s [&hellip;]<\/p>\n","protected":false},"author":1,"featured_media":0,"parent":0,"menu_order":0,"comment_status":"closed","ping_status":"closed","template":"","meta":{"spay_email":"","_links_to":"","_links_to_target":""},"_links":{"self":[{"href":"https:\/\/purna.info\/an\/wp-json\/wp\/v2\/pages\/141"}],"collection":[{"href":"https:\/\/purna.info\/an\/wp-json\/wp\/v2\/pages"}],"about":[{"href":"https:\/\/purna.info\/an\/wp-json\/wp\/v2\/types\/page"}],"author":[{"embeddable":true,"href":"https:\/\/purna.info\/an\/wp-json\/wp\/v2\/users\/1"}],"replies":[{"embeddable":true,"href":"https:\/\/purna.info\/an\/wp-json\/wp\/v2\/comments?post=141"}],"version-history":[{"count":6,"href":"https:\/\/purna.info\/an\/wp-json\/wp\/v2\/pages\/141\/revisions"}],"predecessor-version":[{"id":201,"href":"https:\/\/purna.info\/an\/wp-json\/wp\/v2\/pages\/141\/revisions\/201"}],"wp:attachment":[{"href":"https:\/\/purna.info\/an\/wp-json\/wp\/v2\/media?parent=141"}],"curies":[{"name":"wp","href":"https:\/\/api.w.org\/{rel}","templated":true}]}}