{"id":204,"date":"2018-04-16T10:35:06","date_gmt":"2018-04-16T10:35:06","guid":{"rendered":"http:\/\/purna.info\/?page_id=204"},"modified":"2018-04-16T10:35:14","modified_gmt":"2018-04-16T10:35:14","slug":"no-pas-exilio-rural","status":"publish","type":"page","link":"https:\/\/purna.info\/an\/no-pas-exilio-rural","title":{"rendered":"No pas exilio rural"},"content":{"rendered":"<p>La imachen que nos venden d\u2019o mundo rural como un puesto de retiro, de turismo u d\u2019ocio ye una qu\u2019oblida que ye antes tot un puesto de vita. Pero podr\u00eda deixar d\u2019estar-lo. Seguntes es datz oficials, d\u2019es 1.3 millons de personas que viviban a Arag\u00f3n en 2016 m\u00e9s d\u2019a metat lo feban a la ciudat de Zaragoza mientres que la resta d\u2019o territorio se trobaba despoblato en comparaci\u00f3n. Este desequilibrio, que porta a\u00f1os acentuando-se, responde a una serie de<strong> problematicas socials, economicas, e, en definitiva, politicas que menazan con fer desapareixer la vita a es nuestros lugars.<\/strong><\/p>\n<p>Se bien existeix puntos de contacto entre lo mundo rural e la ciudat an que s\u2019ufreix servicios comparables a es d\u2019\u00e9sta e presentan bella resitencia a la despoblaci\u00f3n, la realidat que se vive en puestos m\u00e9s chicotz ye una alta. <strong>La manca d\u2019acceso a la educaci\u00f3n u la sanidat, de carreteras en buenas condicions e la escasez d\u2019oportunidatz laborals<\/strong> son algunas d\u2019as causas qu\u2019empentan a es chovens d\u2019es nuestros lugars a emigrar anyo sin altro.<img loading=\"lazy\" class=\" wp-image-206 alignright\" src=\"http:\/\/purna.info\/wp-content\/uploads\/2018\/04\/12823464_1201363593225572_6279713360737787379_o-724x1024.jpg\" alt=\"\" width=\"303\" height=\"429\" srcset=\"https:\/\/purna.info\/wp-content\/uploads\/2018\/04\/12823464_1201363593225572_6279713360737787379_o-724x1024.jpg 724w, https:\/\/purna.info\/wp-content\/uploads\/2018\/04\/12823464_1201363593225572_6279713360737787379_o-212x300.jpg 212w, https:\/\/purna.info\/wp-content\/uploads\/2018\/04\/12823464_1201363593225572_6279713360737787379_o-768x1086.jpg 768w, https:\/\/purna.info\/wp-content\/uploads\/2018\/04\/12823464_1201363593225572_6279713360737787379_o.jpg 1448w\" sizes=\"(max-width: 303px) 100vw, 303px\" \/><\/p>\n<p>Mientres tanto estar muller e quedar-se en un medio an es treballos mayoritarios, la ganader\u00eda e l\u2019agricultura, son <strong>bien masculinizatz<\/strong> significa per norma cheneral asumir la carga d\u2019a fayena domestica e responsabilizar-se d\u2019o cudiato de ninos e personas grans per mancar servicios a es que acurdir. Tot esto de forma no remunerata. Davant esta imachen no ye raro que per cada vez sian m\u00e9s las que deixan lo mundo rural pa no repetir ditos esquemas de vita. Manimenos, a pesar d\u2019as suyas marcatas conseq\u00fcencias, la diferencia de precio que suposa lo solucionar estes problemas a lugars repecto a milloramientos analogos a la ciuedat ha levato a l\u2019adiministraci\u00f3n a ignorar esta situaci\u00f3n deixando-nos con un panorama per cada vez m\u00e9s desolador.<\/p>\n<p>Dende purna creemos que ye necesario que <strong>nos organicemos pa meter freno a este situaci\u00f3n e construir alternaticas dende la participaci\u00f3n e la pluralidat<\/strong>. Per all\u00f3 lancemos en marzo de 2016 la nuestra campanya \u201cqueremos vivir aqu\u00ed\u201d. Am\u00e9s d\u2019altras accions dirichitas al visibilizamiento d\u2019as dificultatz qu\u2019enfrenta la choventut qu\u2019habita lo medio rural Aragon\u00e9s, en ella tenioron lugar una serie de charratas e debatz en quantos lugars d\u2019o nuestro territorio como Fraga, Bin\u00e9far, Semontano u Galve pa evidenciar las causas e las conseq\u00fcencias d\u2019o exilio e meter en com\u00fan ideyas pa solucionar-lo<\/p>\n<p>Vivir a las nuestras casas siempre debr\u00eda estar una opci\u00f3n e la choventut ser\u00e1 lo motor que lo faya posible.<\/p>\n<p><img loading=\"lazy\" class=\"wp-image-205 aligncenter\" src=\"http:\/\/purna.info\/wp-content\/uploads\/2018\/04\/C4dderzXAAAYEh_-1024x769.jpg\" alt=\"\" width=\"355\" height=\"267\" srcset=\"https:\/\/purna.info\/wp-content\/uploads\/2018\/04\/C4dderzXAAAYEh_-1024x769.jpg 1024w, https:\/\/purna.info\/wp-content\/uploads\/2018\/04\/C4dderzXAAAYEh_-300x225.jpg 300w, https:\/\/purna.info\/wp-content\/uploads\/2018\/04\/C4dderzXAAAYEh_-768x577.jpg 768w, https:\/\/purna.info\/wp-content\/uploads\/2018\/04\/C4dderzXAAAYEh_.jpg 1200w\" sizes=\"(max-width: 355px) 100vw, 355px\" \/><\/p>","protected":false},"excerpt":{"rendered":"<p>La imachen que nos venden d\u2019o mundo rural como un puesto de retiro, de turismo u d\u2019ocio ye una qu\u2019oblida que ye antes tot un puesto de vita. Pero podr\u00eda deixar d\u2019estar-lo. Seguntes es datz oficials, d\u2019es 1.3 millons de personas que viviban a Arag\u00f3n en 2016 m\u00e9s d\u2019a metat [&hellip;]<\/p>\n","protected":false},"author":1,"featured_media":0,"parent":0,"menu_order":0,"comment_status":"closed","ping_status":"closed","template":"","meta":{"spay_email":"","_links_to":"","_links_to_target":""},"_links":{"self":[{"href":"https:\/\/purna.info\/an\/wp-json\/wp\/v2\/pages\/204"}],"collection":[{"href":"https:\/\/purna.info\/an\/wp-json\/wp\/v2\/pages"}],"about":[{"href":"https:\/\/purna.info\/an\/wp-json\/wp\/v2\/types\/page"}],"author":[{"embeddable":true,"href":"https:\/\/purna.info\/an\/wp-json\/wp\/v2\/users\/1"}],"replies":[{"embeddable":true,"href":"https:\/\/purna.info\/an\/wp-json\/wp\/v2\/comments?post=204"}],"version-history":[{"count":1,"href":"https:\/\/purna.info\/an\/wp-json\/wp\/v2\/pages\/204\/revisions"}],"predecessor-version":[{"id":207,"href":"https:\/\/purna.info\/an\/wp-json\/wp\/v2\/pages\/204\/revisions\/207"}],"wp:attachment":[{"href":"https:\/\/purna.info\/an\/wp-json\/wp\/v2\/media?parent=204"}],"curies":[{"name":"wp","href":"https:\/\/api.w.org\/{rel}","templated":true}]}}