{"id":141,"date":"2018-03-07T21:43:50","date_gmt":"2018-03-07T21:43:50","guid":{"rendered":"http:\/\/purna.info\/?page_id=141"},"modified":"2018-04-16T09:12:21","modified_gmt":"2018-04-16T09:12:21","slug":"si-a-laragones","status":"publish","type":"page","link":"https:\/\/purna.info\/ca\/si-a-laragones","title":{"rendered":"S\u00ed a l&#8217;aragon\u00e9s"},"content":{"rendered":"<p>S\u00ed a l&#8217;aragon\u00e8s \u00e9s una campanya que <strong>t\u00e9 com objectiu la defensa de l&#8217;aragon\u00e8s a l&#8217;\u00e0mbit educatiu<\/strong>, instant al govern a prendre medides pa respectar, protegir i garantir los drets ling\u00fc\u00edstics de les i los milers d&#8217;estudiants aragonesos que tenen l\u2019aragon\u00e9s com a llengua habitual i d&#8217;aquells que volen aprendre\u2019l<\/p>\n<p><strong>l&#8217;aragon\u00e8s<\/strong><\/p>\n<p><img loading=\"lazy\" class=\"wp-image-146 alignleft\" src=\"http:\/\/purna.info\/wp-content\/uploads\/2018\/03\/11057498_932498756822698_1010770350332785167_o-1024x724.jpg\" alt=\"\" width=\"386\" height=\"273\" srcset=\"https:\/\/purna.info\/wp-content\/uploads\/2018\/03\/11057498_932498756822698_1010770350332785167_o-1024x724.jpg 1024w, https:\/\/purna.info\/wp-content\/uploads\/2018\/03\/11057498_932498756822698_1010770350332785167_o-300x212.jpg 300w, https:\/\/purna.info\/wp-content\/uploads\/2018\/03\/11057498_932498756822698_1010770350332785167_o-768x543.jpg 768w, https:\/\/purna.info\/wp-content\/uploads\/2018\/03\/11057498_932498756822698_1010770350332785167_o.jpg 2048w\" sizes=\"(max-width: 386px) 100vw, 386px\" \/>L&#8217;aragon\u00e8s \u00e9s un idioma, una llengua roman\u00e7 com ho s\u00f3n lo franc\u00e8s, l&#8217;itali\u00e0, l&#8217;occit\u00e0, lo catal\u00e0 o lo castell\u00e0. Tots los ling\u00fcistes de prestigi aixina lo definixen. Nom\u00e9s los prejudicis socials i pol\u00edtics, en un intent per negar los drets dels seus parlants, forcen a algunes persones a qualificar-lo com a dialecte.<\/p>\n<p>Avui dia, l&#8217;\u00fas de l&#8217;aragon\u00e8s ha quedat relegat a algunes comarques pirinenques i a comunitats menudes de neoparlants als nuclis urbans que <strong>utilitzen la llengua com a ferramenta de resist\u00e8ncia cultural davant l&#8217;abandonament total de les institucions<\/strong>, que no nom\u00e9s no promocionen lo seu \u00fas i adeprenentatge , sin\u00f3 que discriminen als seus parlants i los empente a una situaci\u00f3 de marginalitat i estigmatitzaci\u00f3 molt negativa. L&#8217;actual situaci\u00f3 legal \u00e9s tamb\u00e9 prec\u00e0ria. La llei de lleng\u00fces de 2009 (que no reconeixia l&#8217;oficialitat de l&#8217;aragon\u00e8s) s&#8217;ha vist empitjorada per una nova normativa que nega la identitat i la unitat de la llengua contradient a la comunitat cient\u00edfica internacional. En l&#8217;\u00e0mbit educatiu la situaci\u00f3 \u00e9s similar. Destaca la inexist\u00e8ncia d&#8217;escolaritzaci\u00f3 en aragon\u00e8s, a m\u00e9s de la precarietat i impediments que patixen estudiants i docents. <strong>La UNESCO ha qualificat l&#8217;aragon\u00e8s com a &#8220;llengua en perill de desaparici\u00f3&#8221;<\/strong> i recomane &#8220;pol\u00edtiques ling\u00fc\u00edstiques ben planificades&#8221;, posant en evid\u00e8ncia les actuacions dels governs d&#8217;Arag\u00f3 i d&#8217;Espanya, que han rebut en diverses ocasions &#8220;tocs d&#8217;atenci\u00f3&#8221; de m\u00faltiples organismes internacionals per incomplir reiteradament la Carta Europea de les Lleng\u00fces Minorit\u00e0ries i vulnerar los drets ling\u00fc\u00edstics de milers d&#8217;aragonesos.<\/p>\n<p>&nbsp;<\/p>\n<p><strong>Estudiants per l&#8217;aragon\u00e8s<\/strong><\/p>\n<p>Los milers de jovens d\u2019este pa\u00eds que utilitzem l&#8217;aragon\u00e8s al nostre dia a dia, ja sigue perqu\u00e8 \u00e9s la nostra llengua materna o perqu\u00e8 mos hem comprom\u00e8s lliurement en la seua superviv\u00e8ncia adeprenent-la i utilitzant-la, estem farts que los Governs d&#8217;Arag\u00f3 i d&#8217;Espanya mos tracton com a ciutadans de segona. Los drets que com a parlants se mos reconixen a la Declaraci\u00f3 Universal dels Drets Ling\u00fc\u00edstics, com lo \u00abdret a l&#8217;ensenyament de la pr\u00f2pia llengua i cultura\u00bb, lo \u00abdret a una pres\u00e8ncia equitativa de la llengua i la cultura del grup en los mitjans de comunicaci\u00f3 \u00bbo lo\u00ab dret a ser atesos en la llengua pr\u00f2pia als organismes oficials \u00bb, s\u00f3n vulnerats constantment en lo que ha segut i \u00e9s un proc\u00e9s de persecuci\u00f3 i minoritzaci\u00f3 cap l&#8217;aragon\u00e8s i los seus parlants.<\/p>\n<p>Tal i com est\u00e0 recollit al manifest &#8220;Estudiants per l&#8217;aragon\u00e8s&#8221;, des de Purna estem conven\u00e7udes que <strong>l&#8217;\u00fanica f\u00f3rmula v\u00e0lida per a evitar la desaparici\u00f3 de l&#8217;aragon\u00e8s passe per posar fi a la discriminaci\u00f3 i l\u2019 estigmatitzaci\u00f3 que patixen los seus parlants, aix\u00ed com lo reconeixement de la unitat de la llengua<\/strong>, lo que comporte la consolidaci\u00f3 d&#8217;un model referencial, consolidant un proc\u00e9s que ja altres lleng\u00fces van iniciar en lo seu moment. Per aix\u00f2, exigim:<img loading=\"lazy\" class=\"wp-image-148 alignright\" src=\"http:\/\/purna.info\/wp-content\/uploads\/2018\/03\/12265806_958448930894347_4922655330239886066_o-695x1024.jpg\" alt=\"\" width=\"311\" height=\"458\" srcset=\"https:\/\/purna.info\/wp-content\/uploads\/2018\/03\/12265806_958448930894347_4922655330239886066_o-695x1024.jpg 695w, https:\/\/purna.info\/wp-content\/uploads\/2018\/03\/12265806_958448930894347_4922655330239886066_o-204x300.jpg 204w, https:\/\/purna.info\/wp-content\/uploads\/2018\/03\/12265806_958448930894347_4922655330239886066_o-768x1132.jpg 768w, https:\/\/purna.info\/wp-content\/uploads\/2018\/03\/12265806_958448930894347_4922655330239886066_o.jpg 1122w\" sizes=\"(max-width: 311px) 100vw, 311px\" \/><\/p>\n<ol>\n<li><strong>La creaci\u00f3 de l\u00ednies d&#8217;ensenyament en aragon\u00e8s i la seua introducci\u00f3 gradual als centres educatius d&#8217;Arag\u00f3<\/strong> segons indico la demanda, assegurant sempre lo lliure dret de l&#8217;estudiant a estudiar en la llengua pr\u00f2pia.<\/li>\n<li><strong>La regulaci\u00f3 de l&#8217;estudi de la llengua aragonesa oficialment<\/strong>, aixina com les titulacions i certificacions segons los criteris inicials que marco l&#8217;acad\u00e8mia.<\/li>\n<li><strong>Introduir gradualment l&#8217;ensenyament reglat de l&#8217;aragon\u00e8s als centres educatius d&#8217;Arag\u00f3<\/strong>, respectant la varietat pr\u00f2pia de cada zona aixina com la norma comuna.<\/li>\n<li>Arran de l&#8217;aprovaci\u00f3 del curr\u00edculum aragon\u00e8s de la LOMCE, assegurar que l&#8217;assignatura anomenada &#8220;Lleng\u00fces d&#8217;Arag\u00f3&#8221; sigue en lo seu contingut a les zones hist\u00f2ricament aragonesoparlants &#8220;llengua aragonesa&#8221;. <strong>Que independentment de la llei educativa vigent o la pugna existent entre govern auton\u00f2mic i estatal, s&#8217;asseguro la inclusi\u00f3 en lo curr\u00edculum aragon\u00e8s d&#8217;una optativa de &#8216;Llengua aragonesa&#8217; a les zones hist\u00f2ricament aragonesoparlants.<\/strong><\/li>\n<li><strong>Assegurar la formaci\u00f3 i coneixement suficient de la llengua per part del professorat d&#8217;aragon\u00e8s i &#8220;en aragon\u00e8s&#8221;.<\/strong><\/li>\n<li><strong>Habilitar lo professorat mitjan\u00e7ant les proves pertinents que servixen a la volta per crear de manera definitiva los t\u00edtols oficials necessaris d&#8217;acreditaci\u00f3 de nivell.<\/strong><\/li>\n<li><strong>Treure als joves aragonesos de la desinformaci\u00f3 generalitzada que l&#8217;actual ordenaci\u00f3 del sistema educatiu aragon\u00e8s empara en lo seu silenci i inactivitat<\/strong>, aixina com la feli\u00e7 ignor\u00e0ncia assumida des de les institucions, que impedix a la joventut aragonesa con\u00e8ixer lo seu passat cultural com a comunitat, i per tant no entendre o entendre mal lo seu present cultural, menospreciant los elements ling\u00fc\u00edstics propis.<\/li>\n<li>I perqu\u00e8 tot tingui un marc legal adequat, <strong>recon\u00e8ixer l&#8217;oficialitat de l&#8217;aragon\u00e8s mitjan\u00e7ant una llei de lleng\u00fces digna i efectiva.<\/strong><\/li>\n<\/ol>\n<p><\/p>","protected":false},"excerpt":{"rendered":"<p>S\u00ed a l&#8217;aragon\u00e8s \u00e9s una campanya que t\u00e9 com objectiu la defensa de l&#8217;aragon\u00e8s a l&#8217;\u00e0mbit educatiu, instant al govern a prendre medides pa respectar, protegir i garantir los drets ling\u00fc\u00edstics de les i los milers d&#8217;estudiants aragonesos que tenen l\u2019aragon\u00e9s com a llengua habitual i d&#8217;aquells que volen aprendre\u2019l [&hellip;]<\/p>\n","protected":false},"author":1,"featured_media":0,"parent":0,"menu_order":0,"comment_status":"closed","ping_status":"closed","template":"","meta":{"spay_email":"","_links_to":"","_links_to_target":""},"_links":{"self":[{"href":"https:\/\/purna.info\/ca\/wp-json\/wp\/v2\/pages\/141"}],"collection":[{"href":"https:\/\/purna.info\/ca\/wp-json\/wp\/v2\/pages"}],"about":[{"href":"https:\/\/purna.info\/ca\/wp-json\/wp\/v2\/types\/page"}],"author":[{"embeddable":true,"href":"https:\/\/purna.info\/ca\/wp-json\/wp\/v2\/users\/1"}],"replies":[{"embeddable":true,"href":"https:\/\/purna.info\/ca\/wp-json\/wp\/v2\/comments?post=141"}],"version-history":[{"count":6,"href":"https:\/\/purna.info\/ca\/wp-json\/wp\/v2\/pages\/141\/revisions"}],"predecessor-version":[{"id":201,"href":"https:\/\/purna.info\/ca\/wp-json\/wp\/v2\/pages\/141\/revisions\/201"}],"wp:attachment":[{"href":"https:\/\/purna.info\/ca\/wp-json\/wp\/v2\/media?parent=141"}],"curies":[{"name":"wp","href":"https:\/\/api.w.org\/{rel}","templated":true}]}}