{"id":204,"date":"2018-04-16T10:35:06","date_gmt":"2018-04-16T10:35:06","guid":{"rendered":"http:\/\/purna.info\/?page_id=204"},"modified":"2018-04-16T10:35:14","modified_gmt":"2018-04-16T10:35:14","slug":"no-pas-exilio-rural","status":"publish","type":"page","link":"https:\/\/purna.info\/ca\/no-pas-exilio-rural","title":{"rendered":"No pas exili rural"},"content":{"rendered":"<p>La imatge que mos venen del m\u00f3n rural com un lloc de retir, de turisme o d&#8217;oci \u00e9s una que oblide que \u00e9s sobretot un lloc de vida. Per\u00f2 podrie deixar de ser-ho. Segons les dades oficials, dels 1,3 milions de persones que vivien a Arag\u00f3 en 2016 m\u00e9s de la meitat ho feen a la ciutat de Saragossa mentre que lo que quede del territori se trobave despoblat en comparaci\u00f3. Este desequilibri, que porta accentuant anys, respon a una s\u00e8rie de <strong>problem\u00e0tiques socials, econ\u00f2miques i, en definitiva, pol\u00edtiques que amenacen en fer desapar\u00e8ixer la vida en los nostres pobles.<\/strong><\/p>\n<p>Si b\u00e9 hi ha punts de contacte entre lo m\u00f3n rural i la ciutat on s&#8217;oferixen serveis comparables als d&#8217;aquesta i presenten certa resist\u00e8ncia a la despoblaci\u00f3, la realitat que se viu en llocs m\u00e9s menuts \u00e9s una altra. <strong>La falta d&#8217;acc\u00e9s a l&#8217;educaci\u00f3 o sanitat, de carreteres en bones condicions i l&#8217;escassetat d&#8217;oportunitats laborals<\/strong> s\u00f3n algunes de les causes que empenten los joves dels nostres pobles a emigrar any rere any.<img loading=\"lazy\" class=\"wp-image-206 alignright\" src=\"http:\/\/purna.info\/wp-content\/uploads\/2018\/04\/12823464_1201363593225572_6279713360737787379_o-724x1024.jpg\" alt=\"\" width=\"292\" height=\"413\" srcset=\"https:\/\/purna.info\/wp-content\/uploads\/2018\/04\/12823464_1201363593225572_6279713360737787379_o-724x1024.jpg 724w, https:\/\/purna.info\/wp-content\/uploads\/2018\/04\/12823464_1201363593225572_6279713360737787379_o-212x300.jpg 212w, https:\/\/purna.info\/wp-content\/uploads\/2018\/04\/12823464_1201363593225572_6279713360737787379_o-768x1086.jpg 768w, https:\/\/purna.info\/wp-content\/uploads\/2018\/04\/12823464_1201363593225572_6279713360737787379_o.jpg 1448w\" sizes=\"(max-width: 292px) 100vw, 292px\" \/><\/p>\n<p>Mentrestant, ser dona i quedar-se a un medi on los treballs majoritaris, la ramaderia i l&#8217;agricultura, estan <strong>fortament masculinitzats<\/strong> signifique per norma general assumir la c\u00e0rrega del treball dom\u00e8stic i responsabilitzar-se de la cura de nens i gent gran a falta de serveis als quals acudir . Tot aix\u00f2 de forma no remunerada. Davant esta imatge no \u00e9s estrany que cada volta siguen m\u00e9s les que dixen lo m\u00f3n rural per no repetir estos esquemes de vida. Encara les seues marcades conseq\u00fc\u00e8ncies, la difer\u00e8ncia de preu que suposa solucionar estos problemes en pobles respecte a les millores an\u00e0logues a la ciutat ha portat a l&#8217;administraci\u00f3 a ignorar esta situaci\u00f3, deixant-mos en un panorama cada volta m\u00e9s desolador.<\/p>\n<p>Des Purna creiem que cal que <strong>mos organitzem pa posar fre a esta situaci\u00f3 i construir alternatives, des de la participaci\u00f3 i la pluralitat<\/strong>. Per ixo llancem al mar\u00e7 de 2016 la nostra campanya &#8220;Volem viure aqu\u00ed&#8221;. A m\u00e9s d&#8217;altres accions dirigides a la visibilitzaci\u00f3 de les dificultats que enfronte la joventut que habite lo medi rural Aragon\u00e8s, en ella van tindre lloc una s\u00e8rie de xerrades i debats en diversos pobles del nostre territori, com Fraga, Bin\u00e9far, Somontano o Galve, pa evidenciar les causes i les conseq\u00fc\u00e8ncies de l&#8217;exili rural i posar en com\u00fa idees pa solucionar-ho.<\/p>\n<p>Viure a les nostres llars sempre haurie de ser una opci\u00f3 i la joventut ser\u00e0 lo motor que ho faigue possible.<\/p>\n<p><img loading=\"lazy\" class=\"wp-image-205 aligncenter\" src=\"http:\/\/purna.info\/wp-content\/uploads\/2018\/04\/C4dderzXAAAYEh_-1024x769.jpg\" alt=\"\" width=\"397\" height=\"298\" srcset=\"https:\/\/purna.info\/wp-content\/uploads\/2018\/04\/C4dderzXAAAYEh_-1024x769.jpg 1024w, https:\/\/purna.info\/wp-content\/uploads\/2018\/04\/C4dderzXAAAYEh_-300x225.jpg 300w, https:\/\/purna.info\/wp-content\/uploads\/2018\/04\/C4dderzXAAAYEh_-768x577.jpg 768w, https:\/\/purna.info\/wp-content\/uploads\/2018\/04\/C4dderzXAAAYEh_.jpg 1200w\" sizes=\"(max-width: 397px) 100vw, 397px\" \/><\/p>","protected":false},"excerpt":{"rendered":"<p>La imatge que mos venen del m\u00f3n rural com un lloc de retir, de turisme o d&#8217;oci \u00e9s una que oblide que \u00e9s sobretot un lloc de vida. Per\u00f2 podrie deixar de ser-ho. Segons les dades oficials, dels 1,3 milions de persones que vivien a Arag\u00f3 en 2016 m\u00e9s de [&hellip;]<\/p>\n","protected":false},"author":1,"featured_media":0,"parent":0,"menu_order":0,"comment_status":"closed","ping_status":"closed","template":"","meta":{"spay_email":"","_links_to":"","_links_to_target":""},"_links":{"self":[{"href":"https:\/\/purna.info\/ca\/wp-json\/wp\/v2\/pages\/204"}],"collection":[{"href":"https:\/\/purna.info\/ca\/wp-json\/wp\/v2\/pages"}],"about":[{"href":"https:\/\/purna.info\/ca\/wp-json\/wp\/v2\/types\/page"}],"author":[{"embeddable":true,"href":"https:\/\/purna.info\/ca\/wp-json\/wp\/v2\/users\/1"}],"replies":[{"embeddable":true,"href":"https:\/\/purna.info\/ca\/wp-json\/wp\/v2\/comments?post=204"}],"version-history":[{"count":1,"href":"https:\/\/purna.info\/ca\/wp-json\/wp\/v2\/pages\/204\/revisions"}],"predecessor-version":[{"id":207,"href":"https:\/\/purna.info\/ca\/wp-json\/wp\/v2\/pages\/204\/revisions\/207"}],"wp:attachment":[{"href":"https:\/\/purna.info\/ca\/wp-json\/wp\/v2\/media?parent=204"}],"curies":[{"name":"wp","href":"https:\/\/api.w.org\/{rel}","templated":true}]}}